{"id":310,"date":"2025-03-23T13:45:25","date_gmt":"2025-03-23T12:45:25","guid":{"rendered":"http:\/\/artdestiny.de\/index.php\/home\/"},"modified":"2025-11-06T22:13:29","modified_gmt":"2025-11-06T21:13:29","slug":"home","status":"publish","type":"page","link":"http:\/\/artdestiny.de\/","title":{"rendered":"Willkommen"},"content":{"rendered":"\n<h2 class=\"wp-block-heading has-text-align-center\"><\/h2>\n\n\n\n<figure class=\"wp-block-image size-full\"><img loading=\"lazy\" decoding=\"async\" width=\"1024\" height=\"1024\" src=\"http:\/\/artdestiny.de\/wp-content\/uploads\/2024\/08\/Zeichen-artdestiny.png\" alt=\"\" class=\"wp-image-256\" srcset=\"http:\/\/artdestiny.de\/wp-content\/uploads\/2024\/08\/Zeichen-artdestiny.png 1024w, http:\/\/artdestiny.de\/wp-content\/uploads\/2024\/08\/Zeichen-artdestiny-300x300.png 300w, http:\/\/artdestiny.de\/wp-content\/uploads\/2024\/08\/Zeichen-artdestiny-150x150.png 150w, http:\/\/artdestiny.de\/wp-content\/uploads\/2024\/08\/Zeichen-artdestiny-768x768.png 768w\" sizes=\"auto, (max-width: 1024px) 100vw, 1024px\" \/><\/figure>\n\n\n\n<p class=\"has-text-align-center\"><\/p>\n\n\n\n<p><strong>ArtDestiny ist ein unabh\u00e4ngiges OpenSim Grid. Es ist privat und nicht kommerziell. <\/strong><\/p>\n\n\n\n<p>Falls du gerne mehr \u00fcber das Grid oder opensim erfahren m\u00f6chtest, dann besuche folgende Seite: <a href=\"http:\/\/artdestiny.online\/\">www.artdestiny.online<\/a><\/p>\n\n\n\n<p><br><br><\/p>\n","protected":false},"excerpt":{"rendered":"<p>ArtDestiny ist ein unabh\u00e4ngiges OpenSim Grid. Es ist privat und nicht kommerziell. Falls du gerne mehr \u00fcber das Grid oder opensim erfahren m\u00f6chtest, dann besuche folgende Seite: www.artdestiny.online<\/p>\n","protected":false},"author":1,"featured_media":0,"parent":0,"menu_order":0,"comment_status":"closed","ping_status":"closed","template":"template-business.php","meta":{"footnotes":""},"class_list":["post-310","page","type-page","status-publish","hentry"],"_links":{"self":[{"href":"http:\/\/artdestiny.de\/index.php\/wp-json\/wp\/v2\/pages\/310","targetHints":{"allow":["GET"]}}],"collection":[{"href":"http:\/\/artdestiny.de\/index.php\/wp-json\/wp\/v2\/pages"}],"about":[{"href":"http:\/\/artdestiny.de\/index.php\/wp-json\/wp\/v2\/types\/page"}],"author":[{"embeddable":true,"href":"http:\/\/artdestiny.de\/index.php\/wp-json\/wp\/v2\/users\/1"}],"replies":[{"embeddable":true,"href":"http:\/\/artdestiny.de\/index.php\/wp-json\/wp\/v2\/comments?post=310"}],"version-history":[{"count":14,"href":"http:\/\/artdestiny.de\/index.php\/wp-json\/wp\/v2\/pages\/310\/revisions"}],"predecessor-version":[{"id":399,"href":"http:\/\/artdestiny.de\/index.php\/wp-json\/wp\/v2\/pages\/310\/revisions\/399"}],"wp:attachment":[{"href":"http:\/\/artdestiny.de\/index.php\/wp-json\/wp\/v2\/media?parent=310"}],"curies":[{"name":"wp","href":"https:\/\/api.w.org\/{rel}","templated":true}]}}